{"id":580,"date":"2025-06-27T07:21:20","date_gmt":"2025-06-27T07:21:20","guid":{"rendered":"https:\/\/africagoldinsider.com\/demosd\/renova\/?page_id=580"},"modified":"2026-02-13T15:10:05","modified_gmt":"2026-02-13T15:10:05","slug":"about-us","status":"publish","type":"page","link":"https:\/\/africagoldinsider.com\/en\/about-us\/","title":{"rendered":"About Us"},"content":{"rendered":"<div data-elementor-type=\"wp-page\" data-elementor-id=\"580\" class=\"elementor elementor-580\">\n\t\t\t\t\t\t<section class=\"elementor-section elementor-top-section elementor-element elementor-element-2d1fa87 elementor-section-full_width elementor-section-height-default elementor-section-height-default\" data-id=\"2d1fa87\" data-element_type=\"section\" data-e-type=\"section\">\n\t\t\t\t\t\t<div class=\"elementor-container elementor-column-gap-no\">\n\t\t\t\t\t<div class=\"elementor-column elementor-col-100 elementor-top-column elementor-element elementor-element-3cb384f\" data-id=\"3cb384f\" data-element_type=\"column\" data-e-type=\"column\" data-settings=\"{&quot;background_background&quot;:&quot;classic&quot;}\">\n\t\t\t<div class=\"elementor-widget-wrap elementor-element-populated\">\n\t\t\t\t\t\t<div class=\"elementor-element elementor-element-a021ead elementor-align-left elementor-widget elementor-widget-bdevs-breadcrumb-type\" data-id=\"a021ead\" data-element_type=\"widget\" data-e-type=\"widget\" data-widget_type=\"bdevs-breadcrumb-type.default\">\n\t\t\t\t<div class=\"elementor-widget-container\">\n\t\t\t\t\t<div class=\"breadcrumb__area breadcrumb__bg\" style=\"background-image: url();\">\r\n    <div class=\"container\">\r\n        <div class=\"row\">\r\n            <div class=\"col-lg-12\">\r\n                <div class=\"breadcrumb__content\">\r\n                    <h2 class=\"title\">A propos<\/h2>\r\n                    <nav class=\"breadcrumb\">\r\n                        <span property=\"itemListElement\" typeof=\"ListItem\">\r\n                            <a href=\"https:\/\/africagoldinsider.com\/en\/demosd\/renova\/\">Accueil<\/a>\r\n                        <\/span>\r\n                        <span class=\"breadcrumb-separator\">\/<\/span>\r\n                        <span property=\"itemListElement\" typeof=\"ListItem\">A propos de nous<\/span>\r\n                    <\/nav>\r\n                <\/div>\r\n            <\/div>\r\n        <\/div>\r\n    <\/div>\r\n<\/div>\r\n\t\t\t\t<\/div>\n\t\t\t\t<\/div>\n\t\t\t\t\t<\/div>\n\t\t<\/div>\n\t\t\t\t\t<\/div>\n\t\t<\/section>\n\t\t\t\t<section class=\"elementor-section elementor-top-section elementor-element elementor-element-984e67d elementor-section-full_width elementor-section-height-default elementor-section-height-default\" data-id=\"984e67d\" data-element_type=\"section\" data-e-type=\"section\">\n\t\t\t\t\t\t<div class=\"elementor-container elementor-column-gap-no\">\n\t\t\t\t\t<div class=\"elementor-column elementor-col-100 elementor-top-column elementor-element elementor-element-10239c2\" data-id=\"10239c2\" data-element_type=\"column\" data-e-type=\"column\">\n\t\t\t<div class=\"elementor-widget-wrap elementor-element-populated\">\n\t\t\t\t\t\t<div class=\"elementor-element elementor-element-6fdc144 elementor-align-left elementor-widget elementor-widget-bdevs-area-about\" data-id=\"6fdc144\" data-element_type=\"widget\" data-e-type=\"widget\" data-widget_type=\"bdevs-area-about.default\">\n\t\t\t\t<div class=\"elementor-widget-container\">\n\t\t\t\t\t<section class=\"about__area-two section-py-120\">\r\n    <div class=\"container\">\r\n        <div class=\"row align-items-center justify-content-center\">\r\n            <div class=\"col-lg-6 col-md-10\">\r\n                <div class=\"about__img-wrap-two\">\r\n                    <img decoding=\"async\" src=\"https:\/\/africagoldinsider.com\/wp-content\/uploads\/2026\/01\/IMG_3532.jpg\" alt=\"img\" class=\"wow img-custom-anim-right animated\" data-wow-duration=\"1.5s\" data-wow-delay=\"0.2s\">\r\n                    <img decoding=\"async\" src=\"https:\/\/africagoldinsider.com\/wp-content\/uploads\/2026\/01\/istockphoto-1227543611-612x612-1.jpg\" alt=\"img\" class=\"wow img-custom-anim-left animated\" data-wow-duration=\"1.5s\" data-wow-delay=\"0.4s\">\r\n                    <img decoding=\"async\" src=\"https:\/\/africagoldinsider.com\/wp-content\/uploads\/2026\/01\/q1-300x300-1.jpg\" alt=\"img\" class=\"wow img-custom-anim-top animated\" data-wow-duration=\"1.5s\" data-wow-delay=\"0.6s\">\r\n                <\/div>\r\n            <\/div>\r\n            <div class=\"col-lg-6\">\r\n                <div class=\"about__content-two\">\r\n                    <div class=\"section__title section__title-three mb-25\">\r\n                        <span class=\"sub-title\">\u00c0 propos  de nous<\/span>\r\n                        <h2 class=\"title\">Un aper\u00e7u de l'industrie aurif\u00e8re artisanale et semi-industrielle africaine<\/h2>\r\n                    <\/div>\r\n                    <p>\nNous avons le plaisir de vous accueillir au s\u00e9minaire et \u00e0 la r\u00e9union d'affaires AFRICA GOLD INSIDER. Depuis 2019, ce s\u00e9minaire, cette r\u00e9union d'affaires et ce service de conseil minier ont pour mission de mettre en lumi\u00e8re la v\u00e9ritable valeur de l'Afrique.<\/p>\r\n                    <div class=\"experience__wrap\">\r\n                        <div class=\"experience__box\">\r\n                            <h3 class=\"title\">+15<\/h3>\r\n                            <span>ans  <br> d'experiences<\/span>\r\n                        <\/div>\r\n                        <div class=\"about__list-box-two\">\r\n                            <ul class=\"list-wrap\">\r\n                                <li>Concevoir sans effort une liaison totale pour aller de l'avant<\/li>\n\n<li>Des applications multifonctionnelles plut\u00f4t que<\/li>\n\n<li>Des applications plut\u00f4t que des fonctionnalit\u00e9s fiables et \u00e9prouv\u00e9es<\/li>\n\n<li>Tirer parti d'autres id\u00e9es de qualit\u00e9 gr\u00e2ce \u00e0 l'externalisation synesth\u00e9sique<\/li>                            <\/ul>\r\n                        <\/div>\r\n                    <\/div>\r\n                    <div class=\"about__content-bottom\">\r\n                        <div class=\"about__customer-box\">\r\n                            <h4 class=\"title\">africagoldinsider<\/h4>\r\n                            <ul class=\"list-wrap customer\">\r\n                                <li><img decoding=\"async\" src=\"https:\/\/africagoldinsider.com\/wp-content\/uploads\/2026\/01\/IMG_3483.jpg\" alt=\"img\"><\/li>\r\n                                <li><img decoding=\"async\" src=\"https:\/\/africagoldinsider.com\/wp-content\/uploads\/2026\/02\/forma.jpeg\" alt=\"img\"><\/li>\r\n                                <li><img decoding=\"async\" src=\"https:\/\/africagoldinsider.com\/wp-content\/uploads\/2026\/02\/WhatsApp-Image-2026-02-04-at-19.14.30.jpeg\" alt=\"img\"><\/li>\r\n                                <li><img decoding=\"async\" src=\"https:\/\/africagoldinsider.com\/wp-content\/uploads\/2026\/02\/channels4_profile.jpg\" alt=\"img\"><\/li>\r\n                            <\/ul>\r\n                        <\/div>\r\n                        <a href=\"https:\/\/www.youtube.com\/@sirgoldman-q9s\" class=\"btn btn-two\">voir nos vid\u00e9os<\/a>\r\n                    <\/div>\r\n                <\/div>\r\n            <\/div>\r\n        <\/div>\r\n    <\/div>\r\n<\/section>\r\n\r\n\t\t\t\t<\/div>\n\t\t\t\t<\/div>\n\t\t\t\t\t<\/div>\n\t\t<\/div>\n\t\t\t\t\t<\/div>\n\t\t<\/section>\n\t\t\t\t<section class=\"elementor-section elementor-top-section elementor-element elementor-element-a4487cd elementor-section-full_width elementor-section-height-default elementor-section-height-default\" data-id=\"a4487cd\" data-element_type=\"section\" data-e-type=\"section\">\n\t\t\t\t\t\t<div class=\"elementor-container elementor-column-gap-no\">\n\t\t\t\t\t<div class=\"elementor-column elementor-col-100 elementor-top-column elementor-element elementor-element-5b9004d\" data-id=\"5b9004d\" data-element_type=\"column\" data-e-type=\"column\">\n\t\t\t<div class=\"elementor-widget-wrap elementor-element-populated\">\n\t\t\t\t\t\t<div class=\"elementor-element elementor-element-165f0c0 elementor-align-left elementor-widget elementor-widget-bdevs-area2-about\" data-id=\"165f0c0\" data-element_type=\"widget\" data-e-type=\"widget\" data-widget_type=\"bdevs-area2-about.default\">\n\t\t\t\t<div class=\"elementor-widget-container\">\n\t\t\t\t\t<section class=\"about__area-three section-py-120\">\r\n    <div class=\"container\">\r\n        <div class=\"row align-items-center justify-content-center\">\r\n            <div class=\"col-lg-6 col-md-9 order-0 order-lg-2\">\r\n                <div class=\"about__img-three\">\r\n                    <img decoding=\"async\" src=\"https:\/\/africagoldinsider.com\/wp-content\/uploads\/2026\/02\/WhatsApp-Image-2026-02-12-at-10.16.37.jpeg\" alt=\"img\" class=\"wow img-custom-anim-right animated\" data-wow-duration=\"1.5s\" data-wow-delay=\"0.2s\">\r\n                <\/div>\r\n            <\/div>\r\n            <div class=\"col-lg-6\">\r\n                <div class=\"about__content-three\">\r\n                    <div class=\"section__title section__title-three mb-30\">\r\n                        <span class=\"sub-title\"><\/span>\r\n                        <h2 class=\"title\">Notre expert (notre \u00ab\u00a0initi\u00e9\u00a0\u00bb) poss\u00e8de plus de 15 ans <\/h2>\r\n                    <\/div>\r\n                    <p>d'exp\u00e9rience dans les affaires en Am\u00e9rique, en Afrique et au Moyen-Orient. Son objectif principal est de vous transmettre les fondamentaux du secteur et de partager des conseils strat\u00e9giques, en s'appuyant sur des exemples concrets et des donn\u00e9es factuelles. Cette approche globale a \u00e9t\u00e9 con\u00e7ue pour vous aider \u00e0 mener \u00e0 bien des projets aurif\u00e8res performants, rentables et dynamiques, contribuant ainsi au rayonnement de l'Afrique. Grand exportateur d'or africain et expert reconnu des technologies artisanales et semi-industrielles, M. Gagnon est \u00e9galement sp\u00e9cialiste du tra\u00e7age de l'or, de la lutte contre le blanchiment d'argent et la fraude. Il vous fournira une mine d'informations pr\u00e9cieuses. Gr\u00e2ce \u00e0 sa connaissance approfondie du secteur et \u00e0 son acc\u00e8s direct \u00e0 des contacts cl\u00e9s, vous disposerez des outils n\u00e9cessaires pour concr\u00e9tiser vos ambitions dans le domaine de l'or en Afrique subsaharienne.<\/p>\r\n                    <div class=\"counter__item-wrap-two\">\r\n                    \t\t                        <div class=\"counter__item-two\">\r\n\t                            <h2 class=\"count\"><span class=\"odometer\" data-count=\"99\"><\/span>%<\/h2>\r\n\t                            <div class=\"icon\"><i class=\"renova-happy\"><\/i><\/div>\r\n\t                            <h4 class=\"title\">Satisfaction clientelle<\/h4>\r\n\t                        <\/div>\r\n                                            <\/div>\r\n                <\/div>\r\n            <\/div>\r\n        <\/div>\r\n    <\/div>\r\n<\/section>\r\n\r\n\t\t\t\t<\/div>\n\t\t\t\t<\/div>\n\t\t\t\t<div class=\"elementor-element elementor-element-0810f5b elementor-align-left elementor-widget elementor-widget-bdevs-area2-about\" data-id=\"0810f5b\" data-element_type=\"widget\" data-e-type=\"widget\" data-widget_type=\"bdevs-area2-about.default\">\n\t\t\t\t<div class=\"elementor-widget-container\">\n\t\t\t\t\t<section class=\"about__area-three section-py-120\">\r\n    <div class=\"container\">\r\n        <div class=\"row align-items-center justify-content-center\">\r\n            <div class=\"col-lg-6 col-md-9 order-0 order-lg-2\">\r\n                <div class=\"about__img-three\">\r\n                    <img decoding=\"async\" src=\"https:\/\/africagoldinsider.com\/wp-content\/uploads\/2026\/02\/IMG_4428.jpeg\" alt=\"img\" class=\"wow img-custom-anim-right animated\" data-wow-duration=\"1.5s\" data-wow-delay=\"0.2s\">\r\n                <\/div>\r\n            <\/div>\r\n            <div class=\"col-lg-6\">\r\n                <div class=\"about__content-three\">\r\n                    <div class=\"section__title section__title-three mb-30\">\r\n                        <span class=\"sub-title\"><\/span>\r\n                        <h2 class=\"title\">Gr\u00e2ce \u00e0 ce programme complet pr\u00e9sent\u00e9 dans le monde entier,<\/h2>\r\n                    <\/div>\r\n                    <p> le s\u00e9minaire \u00e9ducatif et la rencontre d'affaires AFRICA GOLD INSIDER vous permettront de d\u00e9couvrir les secrets les mieux gard\u00e9s de l'Afrique. Dans une ambiance exceptionnelle, propice au r\u00e9seautage, vous pourrez enrichir votre carnet d'adresses local et international avec tous les contacts indispensables \u00e0 la r\u00e9ussite de votre activit\u00e9 aurif\u00e8re.<\/p>\r\n                    <div class=\"counter__item-wrap-two\">\r\n                    \t\t                        <div class=\"counter__item-two\">\r\n\t                            <h2 class=\"count\"><span class=\"odometer\" data-count=\"99\"><\/span>%<\/h2>\r\n\t                            <div class=\"icon\"><i class=\"renova-happy\"><\/i><\/div>\r\n\t                            <h4 class=\"title\">Satisfaction clientelle<\/h4>\r\n\t                        <\/div>\r\n                                            <\/div>\r\n                <\/div>\r\n            <\/div>\r\n        <\/div>\r\n    <\/div>\r\n<\/section>\r\n\r\n\t\t\t\t<\/div>\n\t\t\t\t<\/div>\n\t\t\t\t\t<\/div>\n\t\t<\/div>\n\t\t\t\t\t<\/div>\n\t\t<\/section>\n\t\t\t\t<section class=\"elementor-section elementor-top-section elementor-element elementor-element-8e81ca4 elementor-section-full_width elementor-section-height-default elementor-section-height-default\" data-id=\"8e81ca4\" data-element_type=\"section\" data-e-type=\"section\">\n\t\t\t\t\t\t<div class=\"elementor-container elementor-column-gap-no\">\n\t\t\t\t\t<div class=\"elementor-column elementor-col-100 elementor-top-column elementor-element elementor-element-e4c12c1\" data-id=\"e4c12c1\" data-element_type=\"column\" data-e-type=\"column\">\n\t\t\t<div class=\"elementor-widget-wrap elementor-element-populated\">\n\t\t\t\t\t\t<div class=\"elementor-element elementor-element-2d6de5d elementor-align-left elementor-widget elementor-widget-bdevs-video-about\" data-id=\"2d6de5d\" data-element_type=\"widget\" data-e-type=\"widget\" data-widget_type=\"bdevs-video-about.default\">\n\t\t\t\t<div class=\"elementor-widget-container\">\n\t\t\t\t\t<section class=\"video__area\">\r\n    <div class=\"container\">\r\n        <div class=\"row justify-content-center\">\r\n            <div class=\"col-xl-9 col-lg-10\">\r\n                <div class=\"section__title section__title-three text-center mb-60\">\r\n                    <span class=\"sub-title\"><\/span>\r\n                    <h2 class=\"title\">Nous aidons nos clients \u00e0 concr\u00e9tiser leurs id\u00e9es commerciales et \u00e0 obtenir d'excellents r\u00e9sultats.<\/h2>\r\n                <\/div>\r\n            <\/div>\r\n        <\/div>\r\n        <div class=\"row\">\r\n            <div class=\"col-lg-12\">\r\n                <div class=\"video__img\">\r\n                    <img decoding=\"async\" src=\"https:\/\/africagoldinsider.com\/wp-content\/uploads\/2026\/02\/patrick.png\" alt=\"img\">\r\n                    <a href=\"https:\/\/www.youtube.com\/watch?v=K2m8_Xj-mis\" class=\"play-btn popup-video\"><i class=\"renova-play-2\"><\/i><\/a>\r\n                <\/div>\r\n            <\/div>\r\n        <\/div>\r\n    <\/div>\r\n<\/section>\r\n\t\t\t\t<\/div>\n\t\t\t\t<\/div>\n\t\t\t\t\t<\/div>\n\t\t<\/div>\n\t\t\t\t\t<\/div>\n\t\t<\/section>\n\t\t\t\t<\/div>","protected":false},"excerpt":{"rendered":"<p>A propos Accueil \/ A propos de nous \u00c0 propos de nous Un aper\u00e7u de l&rsquo;industrie aurif\u00e8re artisanale et semi-industrielle africaine Nous avons le plaisir de vous accueillir au s\u00e9minaire et \u00e0 la r\u00e9union d&rsquo;affaires AFRICA GOLD INSIDER. Depuis 2019, ce s\u00e9minaire, cette r\u00e9union d&rsquo;affaires et ce service de conseil minier ont pour mission de [&hellip;]<\/p>\n","protected":false},"author":1,"featured_media":0,"parent":0,"menu_order":0,"comment_status":"closed","ping_status":"closed","template":"page-templates\/home.php","meta":{"inline_featured_image":false,"_monsterinsights_skip_tracking":false,"_monsterinsights_sitenote_active":false,"_monsterinsights_sitenote_note":"","_monsterinsights_sitenote_category":0,"footnotes":""},"class_list":["post-580","page","type-page","status-publish","hentry"],"aioseo_notices":[],"_links":{"self":[{"href":"https:\/\/africagoldinsider.com\/en\/wp-json\/wp\/v2\/pages\/580","targetHints":{"allow":["GET"]}}],"collection":[{"href":"https:\/\/africagoldinsider.com\/en\/wp-json\/wp\/v2\/pages"}],"about":[{"href":"https:\/\/africagoldinsider.com\/en\/wp-json\/wp\/v2\/types\/page"}],"author":[{"embeddable":true,"href":"https:\/\/africagoldinsider.com\/en\/wp-json\/wp\/v2\/users\/1"}],"replies":[{"embeddable":true,"href":"https:\/\/africagoldinsider.com\/en\/wp-json\/wp\/v2\/comments?post=580"}],"version-history":[{"count":5,"href":"https:\/\/africagoldinsider.com\/en\/wp-json\/wp\/v2\/pages\/580\/revisions"}],"predecessor-version":[{"id":2115,"href":"https:\/\/africagoldinsider.com\/en\/wp-json\/wp\/v2\/pages\/580\/revisions\/2115"}],"wp:attachment":[{"href":"https:\/\/africagoldinsider.com\/en\/wp-json\/wp\/v2\/media?parent=580"}],"curies":[{"name":"wp","href":"https:\/\/api.w.org\/{rel}","templated":true}]}}