{"id":1836,"date":"2026-02-09T22:21:23","date_gmt":"2026-02-09T22:21:23","guid":{"rendered":"https:\/\/africagoldinsider.com\/?page_id=1836"},"modified":"2026-02-09T22:26:20","modified_gmt":"2026-02-09T22:26:20","slug":"journal-du-minier","status":"publish","type":"page","link":"https:\/\/africagoldinsider.com\/en\/journal-du-minier\/","title":{"rendered":"JOURNAL DU MINIER"},"content":{"rendered":"<div id=\"wpnaw-news-1\" class=\"wpnaw-wrap wpnaw-news-grid-main design-12 wpnaw-grid-3  wpnaw-image-fit wpnaw-clearfix\">\r\n\t\r\n<div class=\"wpnaw-news-grid wpnaw-news-inner-wrap wpnews-medium-4 wpnews-columns  wpnw-first\">\r\n\t<div class=\"wpnaw-news-grid-content\">\r\n\t\t\t\t\t<div class=\"wpnaw-news-image-bg\" style=\"\">\r\n\t\t\t\t<a href=\"https:\/\/africagoldinsider.com\/en\/news\/negociation-de-lor-dubai-afrique\/\" target=\"_self\">\r\n\t\t\t\t\t<img decoding=\"async\" class=\"wpnaw-post-img\" src=\"https:\/\/africagoldinsider.com\/wp-content\/uploads\/2026\/02\/WhatsApp-Image-2026-02-14-at-13.56.52-1024x629.jpeg\" alt=\"N\u00e9gociation de l\u2019or: Duba\u00ef &#038; Afrique\" \/>\r\n\t\t\t\t<\/a>\r\n\t\t\t<\/div>\r\n\t\t\t\t\t<div class=\"wpnaw-news-categories\"><a href=\"https:\/\/africagoldinsider.com\/en\/news-category\/sir-goldman\/\" target=\"_self\">Sir Goldman<\/a><\/div>\r\n\t\t\t\t\t<h2 class=\"wpnaw-news-title\">\r\n\t\t\t\t<a href=\"https:\/\/africagoldinsider.com\/en\/news\/negociation-de-lor-dubai-afrique\/\" target=\"_self\">N\u00e9gociation de l\u2019or: Duba\u00ef &#038; Afrique<\/a>\r\n\t\t\t<\/h2>\r\n\t\t\t\t\t<div class=\"wpnaw-news-date\">\r\n\t\t\t\t<span>By <a href=\"https:\/\/africagoldinsider.com\/en\/author\/bonpetit\/\" target=\"_self\">africagoldinsider<\/a><\/span>&nbsp;\/&nbsp;9 February 2026\t\t\t<\/div>\r\n\t\t\t\t\t<div class=\"wpnaw-news-content\">\r\n\t\t\t\t\t\t\t\t\t<div class=\"wpnaw-news-short-content\">Les standards de n\u00e9gociation de l\u2019or \u00e0 Duba\u00ef : fonctionnement, terminologie et exigences professionnelles Dans le march\u00e9 aurif\u00e8re des \u00c9mirats...<\/div>\r\n\t\t\t\t\t\t\t\t\t\t\t\t\t<a href=\"https:\/\/africagoldinsider.com\/en\/news\/negociation-de-lor-dubai-afrique\/\" target=\"_self\" class=\"readmorebtn\">Lire plus<\/a>\r\n\t\t\t\t\t\t\t\t\t<\/div>\r\n\t\t\t<\/div>\r\n<\/div>\r\n<\/div>","protected":false},"excerpt":{"rendered":"","protected":false},"author":1,"featured_media":0,"parent":0,"menu_order":0,"comment_status":"closed","ping_status":"closed","template":"elementor_header_footer","meta":{"inline_featured_image":false,"_monsterinsights_skip_tracking":false,"_monsterinsights_sitenote_active":false,"_monsterinsights_sitenote_note":"","_monsterinsights_sitenote_category":0,"footnotes":""},"class_list":["post-1836","page","type-page","status-publish","hentry"],"aioseo_notices":[],"_links":{"self":[{"href":"https:\/\/africagoldinsider.com\/en\/wp-json\/wp\/v2\/pages\/1836","targetHints":{"allow":["GET"]}}],"collection":[{"href":"https:\/\/africagoldinsider.com\/en\/wp-json\/wp\/v2\/pages"}],"about":[{"href":"https:\/\/africagoldinsider.com\/en\/wp-json\/wp\/v2\/types\/page"}],"author":[{"embeddable":true,"href":"https:\/\/africagoldinsider.com\/en\/wp-json\/wp\/v2\/users\/1"}],"replies":[{"embeddable":true,"href":"https:\/\/africagoldinsider.com\/en\/wp-json\/wp\/v2\/comments?post=1836"}],"version-history":[{"count":1,"href":"https:\/\/africagoldinsider.com\/en\/wp-json\/wp\/v2\/pages\/1836\/revisions"}],"predecessor-version":[{"id":1837,"href":"https:\/\/africagoldinsider.com\/en\/wp-json\/wp\/v2\/pages\/1836\/revisions\/1837"}],"wp:attachment":[{"href":"https:\/\/africagoldinsider.com\/en\/wp-json\/wp\/v2\/media?parent=1836"}],"curies":[{"name":"wp","href":"https:\/\/api.w.org\/{rel}","templated":true}]}}