{"id":1721,"date":"2026-02-05T18:16:07","date_gmt":"2026-02-05T18:16:07","guid":{"rendered":"https:\/\/africagoldinsider.com\/?page_id=1721"},"modified":"2026-02-13T15:13:07","modified_gmt":"2026-02-13T15:13:07","slug":"le-formateur","status":"publish","type":"page","link":"https:\/\/africagoldinsider.com\/en\/le-formateur\/","title":{"rendered":"le formateur"},"content":{"rendered":"<div data-elementor-type=\"wp-page\" data-elementor-id=\"1721\" class=\"elementor elementor-1721\">\n\t\t\t\t<div class=\"elementor-element elementor-element-c552feb e-flex e-con-boxed e-con e-parent\" data-id=\"c552feb\" data-element_type=\"container\" data-e-type=\"container\">\n\t\t\t\t\t<div class=\"e-con-inner\">\n\t\t<div class=\"elementor-element elementor-element-5c8d131 e-con-full e-flex e-con e-child\" data-id=\"5c8d131\" data-element_type=\"container\" data-e-type=\"container\">\n\t\t\t\t<div class=\"elementor-element elementor-element-9794ebd elementor-widget elementor-widget-text-editor\" data-id=\"9794ebd\" data-element_type=\"widget\" data-e-type=\"widget\" data-widget_type=\"text-editor.default\">\n\t\t\t\t\t\t\t\t\t<h4 style=\"text-align: justify;\">\u00c0 propos d&rsquo;Africa Gold Insider<\/h4><p style=\"text-align: justify;\">Patrick Gagnon est un consultant international sp\u00e9cialis\u00e9 dans l&rsquo;achat, la vente et l&rsquo;exportation d&rsquo;or artisanal et semi-industriel en Afrique de l&rsquo;Ouest. Fort de plus de dix ans d&rsquo;exp\u00e9rience de terrain, il accompagne les maisons de n\u00e9goce d&rsquo;or, les investisseurs et les exploitants miniers dans la structuration de leurs cha\u00eenes de valeur, l&rsquo;optimisation de leurs op\u00e9rations et la mise en conformit\u00e9 r\u00e9glementaire. Son expertise couvre l&rsquo;ensemble du cycle de l&rsquo;or, de l&rsquo;approvisionnement local \u00e0 l&rsquo;exportation internationale, avec une ma\u00eetrise reconnue des enjeux logistiques, douaniers et op\u00e9rationnels. Tout au long de sa carri\u00e8re, il a tiss\u00e9 un solide r\u00e9seau de partenaires locaux et internationaux, lui permettant de collaborer aussi bien avec de petites exploitations artisanales qu&rsquo;avec des structures institutionnelles. Son approche repose sur une connaissance approfondie des r\u00e9alit\u00e9s du terrain, une vision pragmatique et une capacit\u00e9 \u00e0 \u00e9voluer dans des environnements complexes, tout en maintenant des normes \u00e9lev\u00e9es de transparence et de conformit\u00e9. Patrick Gagnon s&rsquo;engage \u00e9galement pour la professionnalisation du secteur aurif\u00e8re artisanal, en soutenant la formalisation des pratiques, la tra\u00e7abilit\u00e9 des cha\u00eenes d&rsquo;approvisionnement et le d\u00e9veloppement de partenariats durables entre les op\u00e9rateurs africains et les investisseurs \u00e9trangers. Son parcours, fa\u00e7onn\u00e9 par une exp\u00e9rience directe sur le terrain et une compr\u00e9hension approfondie des dynamiques locales, fait de lui un conseiller recherch\u00e9 pour toute initiative li\u00e9e au commerce de l&rsquo;or en Afrique.<\/p>\t\t\t\t\t\t\t\t<\/div>\n\t\t\t\t<\/div>\n\t\t<div class=\"elementor-element elementor-element-9852bc0 e-con-full e-flex e-con e-child\" data-id=\"9852bc0\" data-element_type=\"container\" data-e-type=\"container\">\n\t\t\t\t<div class=\"elementor-element elementor-element-2b71ee8 elementor-widget elementor-widget-image\" data-id=\"2b71ee8\" data-element_type=\"widget\" data-e-type=\"widget\" data-widget_type=\"image.default\">\n\t\t\t\t\t\t\t\t\t\t\t\t\t\t\t<img fetchpriority=\"high\" decoding=\"async\" width=\"900\" height=\"795\" src=\"https:\/\/africagoldinsider.com\/wp-content\/uploads\/2026\/02\/forma-1024x904.jpeg\" class=\"attachment-large size-large wp-image-1723\" alt=\"\" srcset=\"https:\/\/africagoldinsider.com\/wp-content\/uploads\/2026\/02\/forma-1024x904.jpeg 1024w, https:\/\/africagoldinsider.com\/wp-content\/uploads\/2026\/02\/forma-300x265.jpeg 300w, https:\/\/africagoldinsider.com\/wp-content\/uploads\/2026\/02\/forma-768x678.jpeg 768w, https:\/\/africagoldinsider.com\/wp-content\/uploads\/2026\/02\/forma-100x88.jpeg 100w, https:\/\/africagoldinsider.com\/wp-content\/uploads\/2026\/02\/forma-600x529.jpeg 600w, https:\/\/africagoldinsider.com\/wp-content\/uploads\/2026\/02\/forma.jpeg 1088w\" sizes=\"(max-width: 900px) 100vw, 900px\" \/>\t\t\t\t\t\t\t\t\t\t\t\t\t\t\t<\/div>\n\t\t\t\t<\/div>\n\t\t\t\t\t<\/div>\n\t\t\t\t<\/div>\n\t\t<div class=\"elementor-element elementor-element-6275f3c e-flex e-con-boxed e-con e-parent\" data-id=\"6275f3c\" data-element_type=\"container\" data-e-type=\"container\">\n\t\t\t\t\t<div class=\"e-con-inner\">\n\t\t<div class=\"elementor-element elementor-element-f212ded e-con-full e-flex e-con e-child\" data-id=\"f212ded\" data-element_type=\"container\" data-e-type=\"container\">\n\t\t\t\t<div class=\"elementor-element elementor-element-f29624e elementor-widget elementor-widget-video\" data-id=\"f29624e\" data-element_type=\"widget\" data-e-type=\"widget\" data-settings=\"{&quot;youtube_url&quot;:&quot;https:\\\/\\\/www.youtube.com\\\/watch?v=K2m8_Xj-mis&quot;,&quot;video_type&quot;:&quot;youtube&quot;,&quot;controls&quot;:&quot;yes&quot;}\" data-widget_type=\"video.default\">\n\t\t\t\t\t\t\t<div class=\"elementor-wrapper elementor-open-inline\">\n\t\t\t<div class=\"elementor-video\"><\/div>\t\t<\/div>\n\t\t\t\t\t\t<\/div>\n\t\t\t\t<\/div>\n\t\t<div class=\"elementor-element elementor-element-acc6650 e-con-full e-flex e-con e-child\" data-id=\"acc6650\" data-element_type=\"container\" data-e-type=\"container\">\n\t\t\t\t<div class=\"elementor-element elementor-element-1fd42f7 elementor-widget elementor-widget-text-editor\" data-id=\"1fd42f7\" data-element_type=\"widget\" data-e-type=\"widget\" data-widget_type=\"text-editor.default\">\n\t\t\t\t\t\t\t\t\t<h4 style=\"text-align: justify;\">Nous aidons nos clients \u00e0 concr\u00e9tiser leurs id\u00e9es commerciales et \u00e0 obtenir d&rsquo;excellents r\u00e9sultats.<\/h4>\t\t\t\t\t\t\t\t<\/div>\n\t\t\t\t<\/div>\n\t\t\t\t\t<\/div>\n\t\t\t\t<\/div>\n\t\t\t\t<\/div>","protected":false},"excerpt":{"rendered":"<p>\u00c0 propos d&rsquo;Africa Gold Insider Patrick Gagnon est un consultant international sp\u00e9cialis\u00e9 dans l&rsquo;achat, la vente et l&rsquo;exportation d&rsquo;or artisanal et semi-industriel en Afrique de l&rsquo;Ouest. Fort de plus de dix ans d&rsquo;exp\u00e9rience de terrain, il accompagne les maisons de n\u00e9goce d&rsquo;or, les investisseurs et les exploitants miniers dans la structuration de leurs cha\u00eenes de [&hellip;]<\/p>\n","protected":false},"author":1,"featured_media":0,"parent":0,"menu_order":0,"comment_status":"closed","ping_status":"closed","template":"elementor_header_footer","meta":{"inline_featured_image":false,"_monsterinsights_skip_tracking":false,"_monsterinsights_sitenote_active":false,"_monsterinsights_sitenote_note":"","_monsterinsights_sitenote_category":0,"footnotes":""},"class_list":["post-1721","page","type-page","status-publish","hentry"],"aioseo_notices":[],"_links":{"self":[{"href":"https:\/\/africagoldinsider.com\/en\/wp-json\/wp\/v2\/pages\/1721","targetHints":{"allow":["GET"]}}],"collection":[{"href":"https:\/\/africagoldinsider.com\/en\/wp-json\/wp\/v2\/pages"}],"about":[{"href":"https:\/\/africagoldinsider.com\/en\/wp-json\/wp\/v2\/types\/page"}],"author":[{"embeddable":true,"href":"https:\/\/africagoldinsider.com\/en\/wp-json\/wp\/v2\/users\/1"}],"replies":[{"embeddable":true,"href":"https:\/\/africagoldinsider.com\/en\/wp-json\/wp\/v2\/comments?post=1721"}],"version-history":[{"count":5,"href":"https:\/\/africagoldinsider.com\/en\/wp-json\/wp\/v2\/pages\/1721\/revisions"}],"predecessor-version":[{"id":2118,"href":"https:\/\/africagoldinsider.com\/en\/wp-json\/wp\/v2\/pages\/1721\/revisions\/2118"}],"wp:attachment":[{"href":"https:\/\/africagoldinsider.com\/en\/wp-json\/wp\/v2\/media?parent=1721"}],"curies":[{"name":"wp","href":"https:\/\/api.w.org\/{rel}","templated":true}]}}