{"id":1319,"date":"2026-01-20T10:01:42","date_gmt":"2026-01-20T10:01:42","guid":{"rendered":"https:\/\/africagoldinsider.com\/?page_id=1319"},"modified":"2026-02-14T09:59:01","modified_gmt":"2026-02-14T09:59:01","slug":"evennements","status":"publish","type":"page","link":"https:\/\/africagoldinsider.com\/en\/evennements\/","title":{"rendered":"\u00e9v\u00e8nements"},"content":{"rendered":"\t\t<div data-elementor-type=\"wp-page\" data-elementor-id=\"1319\" class=\"elementor elementor-1319\">\n\t\t\t\t<div class=\"elementor-element elementor-element-a8724ec e-flex e-con-boxed e-con e-parent\" data-id=\"a8724ec\" data-element_type=\"container\" data-e-type=\"container\" data-settings=\"{&quot;background_background&quot;:&quot;classic&quot;}\">\n\t\t\t\t\t<div class=\"e-con-inner\">\n\t\t<div class=\"elementor-element elementor-element-49b46be e-con-full e-flex e-con e-child\" data-id=\"49b46be\" data-element_type=\"container\" data-e-type=\"container\" data-settings=\"{&quot;background_background&quot;:&quot;classic&quot;}\">\n\t\t\t\t<div class=\"elementor-element elementor-element-5ccf14a elementor-widget elementor-widget-heading\" data-id=\"5ccf14a\" data-element_type=\"widget\" data-e-type=\"widget\" data-widget_type=\"heading.default\">\n\t\t\t\t\t<h2 class=\"elementor-heading-title elementor-size-default\">\u00c9v\u00e8nements \u00e0  VENIR<\/h2>\t\t\t\t<\/div>\n\t\t\t\t<\/div>\n\t\t<div class=\"elementor-element elementor-element-5f240666 e-con-full e-flex e-con e-child\" data-id=\"5f240666\" data-element_type=\"container\" data-e-type=\"container\" data-settings=\"{&quot;background_background&quot;:&quot;classic&quot;}\">\n\t\t\t\t<div class=\"elementor-element elementor-element-26ac4d05 elementor-widget elementor-widget-shortcode\" data-id=\"26ac4d05\" data-element_type=\"widget\" data-e-type=\"widget\" data-widget_type=\"shortcode.default\">\n\t\t\t\t\t\t\t<div class=\"elementor-shortcode\">                <div class=' list_with_filter_section mep_event_list'>\n\t\t\t\t\t                            <div class=\"all_filter_item mep_event_list_sec\" id='mep_event_list_abr6a0475ad5258b'\n                                 data-unq-id=\"abr6a0475ad5258b\"\n                                 data-style=\"grid\"\n                                 data-column=\"3\"\n                                 data-cat=\"0\"\n                                 data-org=\"0\"\n                                 data-tag=\"0\"\n                                 data-city=\"\"\n                                 data-country=\"\"\n                                 data-status=\"upcoming\"\n                                 data-year=\"\"\n                                 data-sort=\"ASC\"\n                                 data-show=\"3\"\n                                 data-pagination=\"no\"\n                                 data-pagination-style=\"load_more\"\n                            >\n                                <div class=\"mage_grid_box \" id=\"\">\n\t\t\t\t\t\t\t\t\t\t\t\t\t\t\t\t\t\t\t\t\t    <div class='filter_item mep-event-list-loop mix column_style event-availabe-seat  mep_event_grid_item  abr6a0475ad5258bmage-74 abr6a0475ad5258bmage-56 abr6a0475ad5258bmage-57 '\r\n         data-title=\"WEBINAR &#8211; YOUR GOLD PROJECT\"\r\n         data-city-name=\"\"\r\n         data-state=\"\"\r\n         data-date=\"2026-05-14\"\r\n         data-category=\"Home Event, Indoor Games\"\r\n         data-organizer=\"AFRICA GOLD INSIDER, Sir GOLDMAN\"\r\n         style=\"width:calc(33.333333333333% - 14px);\">\r\n\t\t\t\t                    <div class=\"mep-ev-start-date\">\r\n                        <div class=\"mep-day\">14<\/div>\r\n                        <div class=\"mep-month\">May<\/div>\r\n                    <\/div>\r\n\t\t\t\t\t\t                <div class=\"mepev-ribbons\">\r\n\t\t\t\t\t                                <div class='mepev-ribbon multidate'><i class=\"far fa-calendar-alt\"><\/i> Multi Date<\/div>                <\/div>\r\n\t\t\t\t\t\t                <div class=\"mep_list_thumb mpwem_style\">\r\n                    <div data-href=\"https:\/\/africagoldinsider.com\/en\/event\/coxesbazar-sea-beach-chair-booking\/\" data-bg-image=\"https:\/\/africagoldinsider.com\/wp-content\/uploads\/2026\/01\/WhatsApp-Image-2026-02-04-at-18.46.46.jpeg\"><\/div>\r\n                <\/div>\r\n\t\t\t\t        <div class=\"mep_list_event_details\">\r\n            <a href=\"https:\/\/africagoldinsider.com\/en\/event\/coxesbazar-sea-beach-chair-booking\/\">\r\n                <h5 class='mep_list_title'>WEBINAR &#8211; YOUR GOLD PROJECT<\/h5>\r\n\t\t\t\t                    <p class=\"list_price\">Price: Free<\/p>\r\n\t\t\t\t\t                    <div class=\"list_content\">\r\n                        <span class=\"far fa-list-alt\"><\/span>\r\n\t\t\t\t\t\tOrganized By: AFRICA GOLD INSIDER, Sir GOLDMAN                    <\/div>\r\n\t\t\t\t                    <div class=\"list_content\">\r\n                        <span class=\"fas fa-map-marker-alt\"><\/span>\r\n\t\t\t\t\t\tLocation :  Dubai                    <\/div>\r\n\t\t\t\t                    <div class=\"list_content\">\r\n                        <span class=\"far fa-calendar-alt\"><\/span>14 May, 2026  9h00 - 19h00                    <\/div>\r\n\t\t\t\t            <\/a>\r\n\t\t\t        <\/div>\r\n\t\t    <\/div>\r\n    <div class='filter_item mep-event-list-loop mix column_style event-availabe-seat  mep_event_grid_item  abr6a0475ad5258bmage-74 abr6a0475ad5258bmage-56 abr6a0475ad5258bmage-57 '\r\n         data-title=\"MINING LUNCH\"\r\n         data-city-name=\"\"\r\n         data-state=\"\"\r\n         data-date=\"2026-08-01\"\r\n         data-category=\"Home Event, Indoor Games\"\r\n         data-organizer=\"AFRICA GOLD INSIDER, Sir GOLDMAN\"\r\n         style=\"width:calc(33.333333333333% - 14px);\">\r\n\t\t\t\t                    <div class=\"mep-ev-start-date\">\r\n                        <div class=\"mep-day\">01<\/div>\r\n                        <div class=\"mep-month\">Aug<\/div>\r\n                    <\/div>\r\n\t\t\t\t\t\t                <div class=\"mepev-ribbons\">\r\n\t\t\t\t\t                                <div class='mepev-ribbon recurring'><i class=\"fas fa-history\"><\/i> Recurring<\/div>                <\/div>\r\n\t\t\t\t\t\t                <div class=\"mep_list_thumb mpwem_style\">\r\n                    <div data-href=\"https:\/\/africagoldinsider.com\/en\/event\/ohio-and-kentucky-cannabis-hemp-expo\/\" data-bg-image=\"https:\/\/africagoldinsider.com\/wp-content\/uploads\/2026\/01\/WhatsApp-Image-2026-02-04-at-18.45.46-1.jpeg\"><\/div>\r\n                <\/div>\r\n\t\t\t\t        <div class=\"mep_list_event_details\">\r\n            <a href=\"https:\/\/africagoldinsider.com\/en\/event\/ohio-and-kentucky-cannabis-hemp-expo\/\">\r\n                <h5 class='mep_list_title'>MINING LUNCH<\/h5>\r\n\t\t\t\t                    <p class=\"list_price\">Price Starts from: <span class=\"woocommerce-Price-amount amount\"><span class=\"woocommerce-Price-currencySymbol\">&#036;<\/span>100.00<\/span><\/p>\r\n\t\t\t\t\t                    <div class=\"list_content\">\r\n                        <span class=\"far fa-list-alt\"><\/span>\r\n\t\t\t\t\t\tOrganized By: AFRICA GOLD INSIDER, Sir GOLDMAN                    <\/div>\r\n\t\t\t\t                    <div class=\"list_content\">\r\n                        <span class=\"fas fa-map-marker-alt\"><\/span>\r\n\t\t\t\t\t\tLocation :  Dubai                    <\/div>\r\n\t\t\t\t                    <div class=\"list_content\">\r\n                        <span class=\"far fa-calendar-alt\"><\/span>1 August, 2026  10:14 am - 30 August, 2026  8:00 pm                    <\/div>\r\n\t\t\t\t            <\/a>\r\n\t\t\t        <\/div>\r\n\t\t    <\/div>\r\n    <div class='filter_item mep-event-list-loop mix column_style event-availabe-seat  mep_event_grid_item  abr6a0475ad5258bmage-74 abr6a0475ad5258bmage-54 abr6a0475ad5258bmage-55 '\r\n         data-title=\"SALON DES MINES ARTISANALES &amp; SEMI-INDUSTRIELLES DE DUBA\u00cf\"\r\n         data-city-name=\"\"\r\n         data-state=\"\"\r\n         data-date=\"2026-05-14\"\r\n         data-category=\"Business Event, Cooking Class\"\r\n         data-organizer=\"AFRICA GOLD INSIDER, Sir GOLDMAN\"\r\n         style=\"width:calc(33.333333333333% - 14px);\">\r\n\t\t\t\t                    <div class=\"mep-ev-start-date\">\r\n                        <div class=\"mep-day\">14<\/div>\r\n                        <div class=\"mep-month\">May<\/div>\r\n                    <\/div>\r\n\t\t\t\t\t\t                <div class=\"mepev-ribbons\">\r\n\t\t\t\t\t                                <div class='mepev-ribbon multidate'><i class=\"far fa-calendar-alt\"><\/i> Multi Date<\/div>                <\/div>\r\n\t\t\t\t\t\t                <div class=\"mep_list_thumb mpwem_style\">\r\n                    <div data-href=\"https:\/\/africagoldinsider.com\/en\/event\/greenwich-economic-forum\/\" data-bg-image=\"https:\/\/africagoldinsider.com\/wp-content\/uploads\/2026\/01\/WhatsApp-Image-2026-02-14-at-12.57.26.jpeg\"><\/div>\r\n                <\/div>\r\n\t\t\t\t        <div class=\"mep_list_event_details\">\r\n            <a href=\"https:\/\/africagoldinsider.com\/en\/event\/greenwich-economic-forum\/\">\r\n                <h5 class='mep_list_title'>SALON DES MINES ARTISANALES &amp; SEMI-INDUSTRIELLES DE DUBA\u00cf<\/h5>\r\n\t\t\t\t                    <p class=\"list_price\">Price Starts from: <span class=\"woocommerce-Price-amount amount\"><span class=\"woocommerce-Price-currencySymbol\">&#036;<\/span>100.00<\/span><\/p>\r\n\t\t\t\t\t                    <div class=\"list_content\">\r\n                        <span class=\"far fa-list-alt\"><\/span>\r\n\t\t\t\t\t\tOrganized By: AFRICA GOLD INSIDER, Sir GOLDMAN                    <\/div>\r\n\t\t\t\t                    <div class=\"list_content\">\r\n                        <span class=\"fas fa-map-marker-alt\"><\/span>\r\n\t\t\t\t\t\tLocation :  Dubai                    <\/div>\r\n\t\t\t\t                    <div class=\"list_content\">\r\n                        <span class=\"far fa-calendar-alt\"><\/span>14 May, 2026  9h00 - 19h00                    <\/div>\r\n\t\t\t\t            <\/a>\r\n\t\t\t        <\/div>\r\n\t\t    <\/div>\r\n\t\t\t\t\t\t\t\t\t\t\t\t                                <\/div>\n                            <\/div>\n\t\t\t\t\t\t\t                <input type=\"hidden\" name=\"pagination_per_page\" value=\"3\"\/>\n                <input type=\"hidden\" name=\"pagination_style\" value=\"load_more\"\/>\n\t\t\t\t                <\/div>\n                <script>\n                    jQuery(document).ready(function () {\n                        var containerEl = document.querySelector('#mep_event_list_abr6a0475ad5258b');\n                        var mixer = mixitup(containerEl, {\n                            selectors: {\n                                target: '.mep-event-list-loop',\n                                control: '[data-mixitup-control]'\n                            }\n                        });\n                        \/\/ Handle title filter input\n                        jQuery('input[name=\"filter_with_title\"]').on('keyup', function () {\n                            var searchText = jQuery(this).val().toLowerCase();\n                            var items = jQuery('.mep-event-list-loop');\n                            items.each(function () {\n                                var itemTitle = jQuery(this).data('title').toLowerCase();\n                                if (itemTitle.indexOf(searchText) > -1) {\n                                    jQuery(this).show();\n                                } else {\n                                    jQuery(this).hide();\n                                }\n                            });\n                        });\n                        \/\/ Handle date filter change\n                        jQuery('input[name=\"filter_with_date\"]').on('change', function () {\n                            var selectedDate = jQuery(this).val();\n                            var items = jQuery('.mep-event-list-loop');\n                            if (!selectedDate) {\n                                items.show();\n                            } else {\n                                var filterDate = new Date(selectedDate);\n                                filterDate.setHours(0, 0, 0, 0); \/\/ Reset time part for date comparison\n                                items.each(function () {\n                                    var itemDate = new Date(jQuery(this).data('date'));\n                                    itemDate.setHours(0, 0, 0, 0); \/\/ Reset time part for date comparison\n                                    if (itemDate.getTime() === filterDate.getTime()) {\n                                        jQuery(this).show();\n                                    } else {\n                                        jQuery(this).hide();\n                                    }\n                                });\n                            }\n                        });\n                        \/\/ Handle state filter change\n                        jQuery('select[name=\"filter_with_state\"]').on('change', function () {\n                            var state = jQuery(this).val();\n                            var items = jQuery('.mep-event-list-loop');\n                            if (state === '') {\n                                items.show();\n                            } else {\n                                items.each(function () {\n                                    var itemState = jQuery(this).data('state');\n                                    if (itemState === state) {\n                                        jQuery(this).show();\n                                    } else {\n                                        jQuery(this).hide();\n                                    }\n                                });\n                            }\n                        });\n                        \/\/ Handle city filter change\n                        jQuery('select[name=\"filter_with_city\"]').on('change', function () {\n                            applyAllFilters();\n                        });\n                        \/\/ Handle category filter change\n                        jQuery('select[name=\"filter_with_category\"]').on('change', function () {\n                            applyAllFilters();\n                        });\n                        \/\/ Handle organizer filter change\n                        jQuery('select[name=\"filter_with_organizer\"]').on('change', function () {\n                            applyAllFilters();\n                        });\n                        \/\/ Combined filter function that applies all filters\n                        function applyAllFilters() {\n                            var titleFilter = jQuery('input[name=\"filter_with_title\"]').val().toLowerCase();\n                            var dateFilter = jQuery('input[name=\"filter_with_date\"]').val();\n                            var stateFilter = jQuery('select[name=\"filter_with_state\"]').val();\n                            var cityFilter = jQuery('select[name=\"filter_with_city\"]').val();\n                            var categoryFilter = jQuery('select[name=\"filter_with_category\"]').val();\n                            var organizerFilter = jQuery('select[name=\"filter_with_organizer\"]').val();\n                            var visibleCount = 0;\n                            jQuery('.mep-event-list-loop').each(function () {\n                                var $item = jQuery(this);\n                                var show = true;\n                                \/\/ Title filter\n                                if (titleFilter) {\n                                    var itemTitle = ($item.data('title') || '').toLowerCase();\n                                    if (itemTitle.indexOf(titleFilter) === -1) {\n                                        show = false;\n                                    }\n                                }\n                                \/\/ Date filter\n                                if (show && dateFilter) {\n                                    var itemDate = $item.data('date');\n                                    if (itemDate) {\n                                        var filterDate = new Date(dateFilter);\n                                        filterDate.setHours(0, 0, 0, 0);\n                                        var itemDateObj = new Date(itemDate);\n                                        itemDateObj.setHours(0, 0, 0, 0);\n                                        if (itemDateObj.getTime() !== filterDate.getTime()) {\n                                            show = false;\n                                        }\n                                    } else {\n                                        show = false;\n                                    }\n                                }\n                                \/\/ State filter\n                                if (show && stateFilter) {\n                                    var itemState = $item.data('state') || '';\n                                    if (itemState !== stateFilter) {\n                                        show = false;\n                                    }\n                                }\n                                \/\/ City filter\n                                if (show && cityFilter) {\n                                    var itemCity = $item.data('city-name') || '';\n                                    if (itemCity !== cityFilter) {\n                                        show = false;\n                                    }\n                                }\n                                \/\/ Category filter\n                                if (show && categoryFilter) {\n                                    var itemCategory = $item.data('category') || '';\n                                    \/\/ Check if category matches (can be comma-separated)\n                                    var itemCategories = itemCategory.split(',').map(function (c) {\n                                        return c.trim();\n                                    });\n                                    if (itemCategories.indexOf(categoryFilter) === -1) {\n                                        show = false;\n                                    }\n                                }\n                                \/\/ Organizer filter\n                                if (show && organizerFilter) {\n                                    var itemOrganizer = $item.data('organizer') || '';\n                                    \/\/ Check if organizer matches (can be comma-separated)\n                                    var itemOrganizers = itemOrganizer.split(',').map(function (o) {\n                                        return o.trim();\n                                    });\n                                    if (itemOrganizers.indexOf(organizerFilter) === -1) {\n                                        show = false;\n                                    }\n                                }\n                                if (show) {\n                                    $item.show();\n                                    visibleCount++;\n                                } else {\n                                    $item.hide();\n                                }\n                            });\n                            \/\/ Update count display\n                            jQuery('.qty_count').text(visibleCount);\n                        }\n                        \/\/ Update title filter to use combined function\n                        jQuery('input[name=\"filter_with_title\"]').off('keyup').on('keyup', function () {\n                            applyAllFilters();\n                        });\n                        \/\/ Update date filter to use combined function\n                        jQuery('input[name=\"filter_with_date\"]').off('change').on('change', function () {\n                            applyAllFilters();\n                        });\n                        \/\/ Update state filter to use combined function\n                        jQuery('select[name=\"filter_with_state\"]').off('change').on('change', function () {\n                            applyAllFilters();\n                        });\n\t\t\t\t\t\t                    });\n                <\/script>\n                <\/div>\n\t\t\t\t\t\t<\/div>\n\t\t\t\t<\/div>\n\t\t\t\t\t<\/div>\n\t\t\t\t<\/div>\n\t\t\t\t<\/div>\n\t\t","protected":false},"excerpt":{"rendered":"<p>\u00c9v\u00e8nements \u00e0 VENIR<\/p>","protected":false},"author":1,"featured_media":1128,"parent":0,"menu_order":0,"comment_status":"closed","ping_status":"closed","template":"elementor_header_footer","meta":{"inline_featured_image":false,"_monsterinsights_skip_tracking":false,"_monsterinsights_sitenote_active":false,"_monsterinsights_sitenote_note":"","_monsterinsights_sitenote_category":0,"footnotes":""},"class_list":["post-1319","page","type-page","status-publish","has-post-thumbnail","hentry"],"aioseo_notices":[],"_links":{"self":[{"href":"https:\/\/africagoldinsider.com\/en\/wp-json\/wp\/v2\/pages\/1319","targetHints":{"allow":["GET"]}}],"collection":[{"href":"https:\/\/africagoldinsider.com\/en\/wp-json\/wp\/v2\/pages"}],"about":[{"href":"https:\/\/africagoldinsider.com\/en\/wp-json\/wp\/v2\/types\/page"}],"author":[{"embeddable":true,"href":"https:\/\/africagoldinsider.com\/en\/wp-json\/wp\/v2\/users\/1"}],"replies":[{"embeddable":true,"href":"https:\/\/africagoldinsider.com\/en\/wp-json\/wp\/v2\/comments?post=1319"}],"version-history":[{"count":5,"href":"https:\/\/africagoldinsider.com\/en\/wp-json\/wp\/v2\/pages\/1319\/revisions"}],"predecessor-version":[{"id":2143,"href":"https:\/\/africagoldinsider.com\/en\/wp-json\/wp\/v2\/pages\/1319\/revisions\/2143"}],"wp:featuredmedia":[{"embeddable":true,"href":"https:\/\/africagoldinsider.com\/en\/wp-json\/wp\/v2\/media\/1128"}],"wp:attachment":[{"href":"https:\/\/africagoldinsider.com\/en\/wp-json\/wp\/v2\/media?parent=1319"}],"curies":[{"name":"wp","href":"https:\/\/api.w.org\/{rel}","templated":true}]}}